{"id":818,"date":"2025-07-01T18:29:26","date_gmt":"2025-07-01T16:29:26","guid":{"rendered":"https:\/\/wyldberry.es\/sobre-nosotros\/"},"modified":"2025-08-22T20:57:16","modified_gmt":"2025-08-22T18:57:16","slug":"sobre-nosotros-restaurante-calvia","status":"publish","type":"page","link":"https:\/\/wyldberry.es\/de\/sobre-nosotros-restaurante-calvia\/","title":{"rendered":"\u00dcber uns"},"content":{"rendered":"\t\t<div data-elementor-type=\"wp-page\" data-elementor-id=\"818\" class=\"elementor elementor-818 elementor-193\" data-elementor-post-type=\"page\">\n\t\t\t\t<div class=\"elementor-element elementor-element-69e536f e-con-full e-flex e-con e-parent\" data-id=\"69e536f\" data-element_type=\"container\" data-e-type=\"container\">\n\t\t<div class=\"elementor-element elementor-element-2a1879d e-con-full e-flex e-con e-child\" data-id=\"2a1879d\" data-element_type=\"container\" data-e-type=\"container\" data-settings=\"{&quot;background_background&quot;:&quot;classic&quot;}\">\n\t\t\t\t<\/div>\n\t\t\t\t<\/div>\n\t\t<div class=\"elementor-element elementor-element-d8cc2d8 e-con-full e-flex e-con e-parent\" data-id=\"d8cc2d8\" data-element_type=\"container\" data-e-type=\"container\">\n\t\t\t\t<div class=\"elementor-element elementor-element-a033ec9 elementor-widget elementor-widget-heading\" data-id=\"a033ec9\" data-element_type=\"widget\" data-e-type=\"widget\" data-widget_type=\"heading.default\">\n\t\t\t\t<div class=\"elementor-widget-container\">\n\t\t\t\t\t<h1 class=\"elementor-heading-title elementor-size-default\">Calvi\u00e1 Restaurant (El Toro)<\/h1>\t\t\t\t<\/div>\n\t\t\t\t<\/div>\n\t\t\t\t<div class=\"elementor-element elementor-element-b89c34a elementor-widget elementor-widget-heading\" data-id=\"b89c34a\" data-element_type=\"widget\" data-e-type=\"widget\" data-widget_type=\"heading.default\">\n\t\t\t\t<div class=\"elementor-widget-container\">\n\t\t\t\t\t<h2 class=\"elementor-heading-title elementor-size-default\">Unsere Geschichte<\/h2>\t\t\t\t<\/div>\n\t\t\t\t<\/div>\n\t\t<div class=\"elementor-element elementor-element-d9b222d e-con-full e-flex e-con e-child\" data-id=\"d9b222d\" data-element_type=\"container\" data-e-type=\"container\" data-settings=\"{&quot;background_background&quot;:&quot;classic&quot;}\">\n\t\t\t\t<div class=\"elementor-element elementor-element-a84bb4b elementor-widget elementor-widget-text-editor\" data-id=\"a84bb4b\" data-element_type=\"widget\" data-e-type=\"widget\" data-widget_type=\"text-editor.default\">\n\t\t\t\t<div class=\"elementor-widget-container\">\n\t\t\t\t\t\t\t\t\tBetrachten Sie die k\u00f6rperliche, geistige und emotionale Gesundheit als einen kritischen Faktor in Ihrem t\u00e4glichen Leben?\t\t\t\t\t\t\t\t<\/div>\n\t\t\t\t<\/div>\n\t\t\t\t<div class=\"elementor-element elementor-element-133271a elementor-widget elementor-widget-text-editor\" data-id=\"133271a\" data-element_type=\"widget\" data-e-type=\"widget\" data-widget_type=\"text-editor.default\">\n\t\t\t\t<div class=\"elementor-widget-container\">\n\t\t\t\t\t\t\t\t\tLegen Sie Wert auf eine ausgewogene Ern\u00e4hrung? Interessieren Sie sich f\u00fcr die Herkunft der Inhaltsstoffe, ihre Qualit\u00e4t, den Prozess und die Umweltauswirkungen? \t\t\t\t\t\t\t\t<\/div>\n\t\t\t\t<\/div>\n\t\t\t\t<div class=\"elementor-element elementor-element-fc85b3f elementor-widget elementor-widget-text-editor\" data-id=\"fc85b3f\" data-element_type=\"widget\" data-e-type=\"widget\" data-widget_type=\"text-editor.default\">\n\t\t\t\t<div class=\"elementor-widget-container\">\n\t\t\t\t\t\t\t\t\t<p><b style=\"color: #3d517e;\">Wyld Berry<\/b> entstand aus einer Freundschaft, einem gemeinsamen Lebensstil und dem tiefen Wunsch, zu den Grundlagen zur\u00fcckzukehren: k\u00f6rperliche, geistige und emotionale Gesundheit. Unser Hauptpfeiler basiert auf einer ausgewogenen Ern\u00e4hrung, die wir &#8222;Real Food&#8220; nennen, Genuss ohne Schuldgef\u00fchle und einem Leben, das mit der Natur und uns selbst verbunden ist.  Kommen Sie und entdecken Sie unser Restaurant Calvi\u00e1<\/p>\t\t\t\t\t\t\t\t<\/div>\n\t\t\t\t<\/div>\n\t\t\t\t<\/div>\n\t\t\t\t<\/div>\n\t\t<div class=\"elementor-element elementor-element-23daa24 e-flex e-con-boxed e-con e-parent\" data-id=\"23daa24\" data-element_type=\"container\" data-e-type=\"container\">\n\t\t\t\t\t<div class=\"e-con-inner\">\n\t\t\t\t<div class=\"elementor-element elementor-element-1c67db4 elementor-widget elementor-widget-heading\" data-id=\"1c67db4\" data-element_type=\"widget\" data-e-type=\"widget\" data-widget_type=\"heading.default\">\n\t\t\t\t<div class=\"elementor-widget-container\">\n\t\t\t\t\t<h2 class=\"elementor-heading-title elementor-size-default\">Ein Projekt mit Seele<\/h2>\t\t\t\t<\/div>\n\t\t\t\t<\/div>\n\t\t\t\t<div class=\"elementor-element elementor-element-ed5b849 elementor-widget elementor-widget-text-editor\" data-id=\"ed5b849\" data-element_type=\"widget\" data-e-type=\"widget\" data-widget_type=\"text-editor.default\">\n\t\t\t\t<div class=\"elementor-widget-container\">\n\t\t\t\t\t\t\t\t\t<p>Wir sind Iv\u00e1n und Iveta, zwei Freunde, die sich bei der Arbeit in einem gesunden Restaurant kennengelernt haben. Inspiriert von der Atmosph\u00e4re und dem Wunsch, Unternehmer zu sein, haben wir beschlossen, unsere Leidenschaft f\u00fcr Wellness und gutes Essen in einen Ort zu verwandeln, der sie repr\u00e4sentiert. So wurde Wyld Berry &#8222;Real Food&#8220; geboren: ein Restaurant mit Werten, in dem jede Zutat Sinn ergibt, jedes Gericht mit Liebe zubereitet wird und jedes Detail z\u00e4hlt. Wir laden Sie ein, innezuhalten, durchzuatmen und zu genie\u00dfen.   <\/p>\t\t\t\t\t\t\t\t<\/div>\n\t\t\t\t<\/div>\n\t\t\t\t\t<\/div>\n\t\t\t\t<\/div>\n\t\t<div class=\"elementor-element elementor-element-d57e7db e-flex e-con-boxed e-con e-parent\" data-id=\"d57e7db\" data-element_type=\"container\" data-e-type=\"container\">\n\t\t\t\t\t<div class=\"e-con-inner\">\n\t\t\t\t<div class=\"elementor-element elementor-element-5163e09 elementor-widget__width-initial elementor-widget-tablet__width-initial elementor-widget-mobile__width-inherit elementor-widget elementor-widget-image\" data-id=\"5163e09\" data-element_type=\"widget\" data-e-type=\"widget\" data-widget_type=\"image.default\">\n\t\t\t\t<div class=\"elementor-widget-container\">\n\t\t\t\t\t\t\t\t\t\t\t\t\t\t\t<img fetchpriority=\"high\" decoding=\"async\" width=\"1000\" height=\"1000\" src=\"https:\/\/wyldberry.es\/wp-content\/uploads\/como-cocinamos-sobre-nosotros.png\" class=\"attachment-full size-full wp-image-820\" alt=\"Un wrap vegetal bien cargado sujetado por unas manos t un chico vistiendo el uniforme de Wtld Berry con la palabra Restaurante Calvia escrito en el pecho.\" srcset=\"https:\/\/wyldberry.es\/wp-content\/uploads\/como-cocinamos-sobre-nosotros.png 1000w, https:\/\/wyldberry.es\/wp-content\/uploads\/como-cocinamos-sobre-nosotros-300x300.png 300w, https:\/\/wyldberry.es\/wp-content\/uploads\/como-cocinamos-sobre-nosotros-150x150.png 150w, https:\/\/wyldberry.es\/wp-content\/uploads\/como-cocinamos-sobre-nosotros-768x768.png 768w, https:\/\/wyldberry.es\/wp-content\/uploads\/como-cocinamos-sobre-nosotros-600x600.png 600w, https:\/\/wyldberry.es\/wp-content\/uploads\/como-cocinamos-sobre-nosotros-100x100.png 100w\" sizes=\"(max-width: 1000px) 100vw, 1000px\" \/>\t\t\t\t\t\t\t\t\t\t\t\t\t\t\t<\/div>\n\t\t\t\t<\/div>\n\t\t<div class=\"elementor-element elementor-element-b6a4326 e-con-full e-flex e-con e-child\" data-id=\"b6a4326\" data-element_type=\"container\" data-e-type=\"container\">\n\t\t\t\t<div class=\"elementor-element elementor-element-df7fb87 elementor-widget elementor-widget-heading\" data-id=\"df7fb87\" data-element_type=\"widget\" data-e-type=\"widget\" data-widget_type=\"heading.default\">\n\t\t\t\t<div class=\"elementor-widget-container\">\n\t\t\t\t\t<h2 class=\"elementor-heading-title elementor-size-default\">Wie wir kochen<\/h2>\t\t\t\t<\/div>\n\t\t\t\t<\/div>\n\t\t<div class=\"elementor-element elementor-element-41eb0e5 e-con-full e-flex e-con e-child\" data-id=\"41eb0e5\" data-element_type=\"container\" data-e-type=\"container\">\n\t\t\t\t<div class=\"elementor-element elementor-element-4984afa elementor-widget elementor-widget-text-editor\" data-id=\"4984afa\" data-element_type=\"widget\" data-e-type=\"widget\" data-widget_type=\"text-editor.default\">\n\t\t\t\t<div class=\"elementor-widget-container\">\n\t\t\t\t\t\t\t\t\tWir arbeiten mit lokalen, saisonalen, frischen und so wenig verarbeiteten Produkten wie m\u00f6glich. Wir folgen keinen Trends und suchen nicht nach Labels: Wir kochen, als w\u00fcrden wir Sie zu uns nach Hause einladen. Wir haben Respekt vor dem Produkt und vor der Person, die es probieren wird.  \t\t\t\t\t\t\t\t<\/div>\n\t\t\t\t<\/div>\n\t\t\t\t<\/div>\n\t\t\t\t<\/div>\n\t\t\t\t\t<\/div>\n\t\t\t\t<\/div>\n\t\t<div class=\"elementor-element elementor-element-daaf9ba e-flex e-con-boxed e-con e-parent\" data-id=\"daaf9ba\" data-element_type=\"container\" data-e-type=\"container\">\n\t\t\t\t\t<div class=\"e-con-inner\">\n\t\t\t\t<div class=\"elementor-element elementor-element-a3595a6 elementor-widget elementor-widget-heading\" data-id=\"a3595a6\" data-element_type=\"widget\" data-e-type=\"widget\" data-widget_type=\"heading.default\">\n\t\t\t\t<div class=\"elementor-widget-container\">\n\t\t\t\t\t<h2 class=\"elementor-heading-title elementor-size-default\">Viel mehr als nur ein Restaurant in Calvi\u00e1<\/h2>\t\t\t\t<\/div>\n\t\t\t\t<\/div>\n\t\t\t\t\t<\/div>\n\t\t\t\t<\/div>\n\t\t<div class=\"elementor-element elementor-element-7aac757 e-con-full e-flex e-con e-parent\" data-id=\"7aac757\" data-element_type=\"container\" data-e-type=\"container\">\n\t\t<div class=\"elementor-element elementor-element-1c5ea7c e-con-full e-flex e-con e-child\" data-id=\"1c5ea7c\" data-element_type=\"container\" data-e-type=\"container\" data-settings=\"{&quot;background_background&quot;:&quot;classic&quot;}\">\n\t\t\t\t<\/div>\n\t\t\t\t<\/div>\n\t\t<div class=\"elementor-element elementor-element-1a85e4c e-flex e-con-boxed e-con e-parent\" data-id=\"1a85e4c\" data-element_type=\"container\" data-e-type=\"container\">\n\t\t\t\t\t<div class=\"e-con-inner\">\n\t\t<div class=\"elementor-element elementor-element-833659d e-con-full e-flex e-con e-child\" data-id=\"833659d\" data-element_type=\"container\" data-e-type=\"container\">\n\t\t\t\t<div class=\"elementor-element elementor-element-ca2514a elementor-widget__width-initial elementor-widget-mobile__width-inherit elementor-widget elementor-widget-text-editor\" data-id=\"ca2514a\" data-element_type=\"widget\" data-e-type=\"widget\" data-widget_type=\"text-editor.default\">\n\t\t\t\t<div class=\"elementor-widget-container\">\n\t\t\t\t\t\t\t\t\tWyld Berry ist mehr. Es ist ein Raum, um Gemeinschaft und Freundschaft zu schaffen, sich umeinander zu k\u00fcmmern. Hier kommst du, um zu teilen, ohne Eile und ohne Schuldgef\u00fchle zu genie\u00dfen. Denn Gesundheit ist eine Wahl, kein Zustand!   \t\t\t\t\t\t\t\t<\/div>\n\t\t\t\t<\/div>\n\t\t\t\t<\/div>\n\t\t\t\t\t<\/div>\n\t\t\t\t<\/div>\n\t\t<div class=\"elementor-element elementor-element-215c04e e-con-full e-flex e-con e-parent\" data-id=\"215c04e\" data-element_type=\"container\" data-e-type=\"container\">\n\t\t\t\t<div class=\"elementor-element elementor-element-6d625c0 elementor-widget elementor-widget-heading\" data-id=\"6d625c0\" data-element_type=\"widget\" data-e-type=\"widget\" data-widget_type=\"heading.default\">\n\t\t\t\t<div class=\"elementor-widget-container\">\n\t\t\t\t\t<h2 class=\"elementor-heading-title elementor-size-default\">Wir sind anders. Wir sind der WB Lifestyle. <\/h2>\t\t\t\t<\/div>\n\t\t\t\t<\/div>\n\t\t\t\t<\/div>\n\t\t\t\t<\/div>\n\t\t","protected":false},"excerpt":{"rendered":"<p>Calvi\u00e1 Restaurant (El Toro) Unsere Geschichte Betrachten Sie die k\u00f6rperliche, geistige und emotionale Gesundheit als einen kritischen Faktor in Ihrem t\u00e4glichen Leben?Legen Sie Wert auf eine ausgewogene Ern\u00e4hrung? Interessieren Sie sich f\u00fcr die Herkunft der Inhaltsstoffe, ihre Qualit\u00e4t, den Prozess und die Umweltauswirkungen? Wyld Berry entstand aus einer Freundschaft, einem gemeinsamen Lebensstil und dem tiefen [&hellip;]<\/p>\n","protected":false},"author":1,"featured_media":0,"parent":0,"menu_order":0,"comment_status":"closed","ping_status":"closed","template":"","meta":{"iawp_total_views":66,"footnotes":""},"class_list":["post-818","page","type-page","status-publish","hentry"],"_links":{"self":[{"href":"https:\/\/wyldberry.es\/de\/wp-json\/wp\/v2\/pages\/818","targetHints":{"allow":["GET"]}}],"collection":[{"href":"https:\/\/wyldberry.es\/de\/wp-json\/wp\/v2\/pages"}],"about":[{"href":"https:\/\/wyldberry.es\/de\/wp-json\/wp\/v2\/types\/page"}],"author":[{"embeddable":true,"href":"https:\/\/wyldberry.es\/de\/wp-json\/wp\/v2\/users\/1"}],"replies":[{"embeddable":true,"href":"https:\/\/wyldberry.es\/de\/wp-json\/wp\/v2\/comments?post=818"}],"version-history":[{"count":2,"href":"https:\/\/wyldberry.es\/de\/wp-json\/wp\/v2\/pages\/818\/revisions"}],"predecessor-version":[{"id":1443,"href":"https:\/\/wyldberry.es\/de\/wp-json\/wp\/v2\/pages\/818\/revisions\/1443"}],"wp:attachment":[{"href":"https:\/\/wyldberry.es\/de\/wp-json\/wp\/v2\/media?parent=818"}],"curies":[{"name":"wp","href":"https:\/\/api.w.org\/{rel}","templated":true}]}}